{"id":4313,"date":"2017-07-20T14:47:00","date_gmt":"2017-07-20T12:47:00","guid":{"rendered":"https:\/\/www.taxitam.it\/?page_id=4313"},"modified":"2017-07-28T14:58:22","modified_gmt":"2017-07-28T12:58:22","slug":"scuola-taxi-temp","status":"publish","type":"page","link":"https:\/\/www.taxitam.it\/index.php\/scuola-taxi-temp\/","title":{"rendered":"Scuola Taxi temp"},"content":{"rendered":"<p style=\"text-align: center;\"><div class=\"row \"><div class=\"col-lg-7 col-md-12 col-xs-12 col-sm-12\"><\/p>\n<p style=\"text-align: justify;\">I &nbsp;corsi di formazione per sostenere l&#8217;esame di iscrizione al ruolo conducenti (tassisti e\/o autonoleggiatori) si tengono presso la sede del TAM di Milano in via Russoli 1 (Fermata Romolo MM 2). Citofono della scuola dopo le ore 18,00: 8888C.<\/p>\n<p class=\"p1\" style=\"text-align: justify;\"><span class=\"s1\">Le lezioni hanno luogo dal luned\u00ec al gioved\u00ec dalle ore 18 alle ore 21 e il venerd\u00ec dalle ore 15 alle ore 18.<\/span><\/p>\n<p style=\"text-align: justify;\">Il costo del corso \u00e8 di \u20ac 380,00 e d\u00e0 diritto a frequentare le lezioni per un anno dalla data di iscrizione.<\/p>\n<p style=\"text-align: justify;\">Agli allievi viene fornita una borsa contenente n.\u00b0 4 dispense (parte storico\/geografica, parte legislativa, test di prova a risposta multipla, percorsi) e una guida di Milano.<\/p>\n<p style=\"text-align: justify;\">Da settembre 2017 la Scuola Taxi TAM, per aiutare gli allievi nello studio e nella verifica dei risultati raggiunti, si avvale di un software creato appositamente.<\/p>\n<p style=\"text-align: justify;\">Gli allievi regolarmente iscritti potranno richiedere l\u2019accesso alla propria licenza via mail utilizzando questo <a href=\"mailto:c.gariboldi@taxitam.it\">link<\/a><\/p>\n<p style=\"text-align: justify;\">La risposta seguir\u00e0 nel primo giorno lavorativo successivo. La licenza vale per un periodo di sei mesi dall\u2019attivazione.<\/p>\n<p style=\"text-align: justify;\"><a href=\"https:\/\/www.taxitam.it\/wp-content\/uploads\/2017\/07\/Scuola-Taxi-Volantino-sett-2017.pdf\">Scuola Taxi Volantino sett 2017<\/a><\/p>\n<p style=\"text-align: justify;\"><a href=\"https:\/\/www.taxitam.it\/wp-content\/uploads\/2017\/07\/Note-operative-lnstallazione.pdf\">Note operative di installazione QuizTaxiNCC<\/a>&nbsp; &nbsp;<a href=\"http:\/\/www.devsam.it\/TAM\/TaxiNCCQuiz.msi\"><img loading=\"lazy\" class=\"alignnone wp-image-4328 size-full\" src=\"https:\/\/www.taxitam.it\/wp-content\/uploads\/2017\/07\/quiz.png\" alt=\"quiz\" width=\"50\" height=\"50\"><\/a><\/div>\n<div class=\"col-lg-4 col-md-12 col-xs-12 col-sm-12\"><\/p>\n<p style=\"text-align: justify;\"><img loading=\"lazy\" class=\" wp-image-186 aligncenter\" src=\"https:\/\/www.taxitam.it\/wp-content\/uploads\/2015\/05\/DSC_3350_foto-e1432802642594.jpg\" alt=\"DSC_3350_foto\" width=\"401\" height=\"266\"> <img loading=\"lazy\" class=\" wp-image-187 size-full aligncenter\" src=\"https:\/\/www.taxitam.it\/wp-content\/uploads\/2015\/05\/scuola_reno-e1432802624185.png\" alt=\"scuola_reno\" width=\"500\" height=\"266\"><\/div>\n<\/div><\/p>\n<p style=\"text-align: justify;\"><img loading=\"lazy\" class=\"size-large wp-image-4319 aligncenter\" src=\"https:\/\/www.taxitam.it\/wp-content\/uploads\/2017\/07\/SfondoTAM-1024x501.jpg\" alt=\"SfondoTAM\" width=\"900\" height=\"440\" srcset=\"https:\/\/www.taxitam.it\/wp-content\/uploads\/2017\/07\/SfondoTAM-1024x501.jpg 1024w, https:\/\/www.taxitam.it\/wp-content\/uploads\/2017\/07\/SfondoTAM-300x147.jpg 300w, https:\/\/www.taxitam.it\/wp-content\/uploads\/2017\/07\/SfondoTAM-768x376.jpg 768w, https:\/\/www.taxitam.it\/wp-content\/uploads\/2017\/07\/SfondoTAM-600x293.jpg 600w, https:\/\/www.taxitam.it\/wp-content\/uploads\/2017\/07\/SfondoTAM.jpg 1131w\" sizes=\"(max-width: 900px) 100vw, 900px\" \/><\/p>\n","protected":false},"excerpt":{"rendered":"","protected":false},"author":1,"featured_media":0,"parent":0,"menu_order":0,"comment_status":"closed","ping_status":"closed","template":"","meta":{"_monsterinsights_skip_tracking":false,"_monsterinsights_sitenote_active":false,"_monsterinsights_sitenote_note":"","_monsterinsights_sitenote_category":0,"ngg_post_thumbnail":0},"_links":{"self":[{"href":"https:\/\/www.taxitam.it\/index.php\/wp-json\/wp\/v2\/pages\/4313"}],"collection":[{"href":"https:\/\/www.taxitam.it\/index.php\/wp-json\/wp\/v2\/pages"}],"about":[{"href":"https:\/\/www.taxitam.it\/index.php\/wp-json\/wp\/v2\/types\/page"}],"author":[{"embeddable":true,"href":"https:\/\/www.taxitam.it\/index.php\/wp-json\/wp\/v2\/users\/1"}],"replies":[{"embeddable":true,"href":"https:\/\/www.taxitam.it\/index.php\/wp-json\/wp\/v2\/comments?post=4313"}],"version-history":[{"count":18,"href":"https:\/\/www.taxitam.it\/index.php\/wp-json\/wp\/v2\/pages\/4313\/revisions"}],"predecessor-version":[{"id":4347,"href":"https:\/\/www.taxitam.it\/index.php\/wp-json\/wp\/v2\/pages\/4313\/revisions\/4347"}],"wp:attachment":[{"href":"https:\/\/www.taxitam.it\/index.php\/wp-json\/wp\/v2\/media?parent=4313"}],"curies":[{"name":"wp","href":"https:\/\/api.w.org\/{rel}","templated":true}]}}