{"id":185,"date":"2015-05-28T10:40:17","date_gmt":"2015-05-28T08:40:17","guid":{"rendered":"https:\/\/www.taxitam.it\/?page_id=185"},"modified":"2026-03-20T10:42:43","modified_gmt":"2026-03-20T09:42:43","slug":"scuola-taxi","status":"publish","type":"page","link":"https:\/\/www.taxitam.it\/index.php\/scuola-taxi\/","title":{"rendered":"Scuola Taxi"},"content":{"rendered":"<p style=\"text-align: center;\"><div class=\"row \"><div class=\"col-lg-7 col-md-12 col-xs-12 col-sm-12\"><\/p>\n<p>Presso la sede del TAM di Milano in Via F. Russoli 1 (fermata Romolo MM2) \u2013 citofono SCUOLA TAM si tiene il corso per la preparazione a sostenere l\u2019esame per l\u2019iscrizione al Ruolo Conducenti (tassisti e\/o autonoleggiatori) della Citt\u00e0 Metropolitana di Milano.<\/p>\n<p>Le lezioni hanno luogo tutti i giorni dal luned\u00ec al gioved\u00ec dalle ore 17:30 alle ore 20. Il venerd\u00ec dalle 16 alle 18:30.<\/p>\n<p style=\"text-align: justify;\">Il costo del corso \u00e8 di \u20ac 400,00 e d\u00e0 diritto a frequentare le lezioni per un anno dalla data di iscrizione.<\/p>\n<p style=\"text-align: justify;\">Agli allievi viene fornita una borsa contenente il seguente materiale n.\u00b0 4 dispense (parte storico\/geografica, parte legislativa, test di prova a risposta multipla, percorsi).<\/p>\n<p style=\"text-align: justify;\"><a href=\"https:\/\/www.taxitam.it\/wp-content\/uploads\/2026\/03\/Scuola-taxi-volantino-marzo-2026.pdf\">Scuola taxi volantino nuovo&nbsp;Marzo 2026<\/a><\/p>\n<p><\/a><\/div>\n<div class=\"col-lg-4 col-md-12 col-xs-12 col-sm-12\"><\/p>\n<p style=\"text-align: justify;\"><img loading=\"lazy\" class=\" wp-image-186 aligncenter\" src=\"https:\/\/www.taxitam.it\/wp-content\/uploads\/2015\/05\/DSC_3350_foto-e1432802642594.jpg\" alt=\"DSC_3350_foto\" width=\"401\" height=\"266\"> <img loading=\"lazy\" class=\" wp-image-187 size-full aligncenter\" src=\"https:\/\/www.taxitam.it\/wp-content\/uploads\/2015\/05\/scuola_reno-e1432802624185.png\" alt=\"scuola_reno\" width=\"500\" height=\"266\"><\/div>\n<\/div><\/p>\n<p style=\"text-align: justify;\"><img loading=\"lazy\" class=\"size-large wp-image-4319 aligncenter\" src=\"https:\/\/www.taxitam.it\/wp-content\/uploads\/2017\/07\/SfondoTAM-1024x501.jpg\" alt=\"SfondoTAM\" width=\"900\" height=\"440\" srcset=\"https:\/\/www.taxitam.it\/wp-content\/uploads\/2017\/07\/SfondoTAM-1024x501.jpg 1024w, https:\/\/www.taxitam.it\/wp-content\/uploads\/2017\/07\/SfondoTAM-300x147.jpg 300w, https:\/\/www.taxitam.it\/wp-content\/uploads\/2017\/07\/SfondoTAM-768x376.jpg 768w, https:\/\/www.taxitam.it\/wp-content\/uploads\/2017\/07\/SfondoTAM-600x293.jpg 600w, https:\/\/www.taxitam.it\/wp-content\/uploads\/2017\/07\/SfondoTAM.jpg 1131w\" sizes=\"(max-width: 900px) 100vw, 900px\" \/><\/p>\n","protected":false},"excerpt":{"rendered":"","protected":false},"author":1,"featured_media":0,"parent":0,"menu_order":0,"comment_status":"closed","ping_status":"closed","template":"","meta":{"_monsterinsights_skip_tracking":false,"_monsterinsights_sitenote_active":false,"_monsterinsights_sitenote_note":"","_monsterinsights_sitenote_category":0,"ngg_post_thumbnail":0},"_links":{"self":[{"href":"https:\/\/www.taxitam.it\/index.php\/wp-json\/wp\/v2\/pages\/185"}],"collection":[{"href":"https:\/\/www.taxitam.it\/index.php\/wp-json\/wp\/v2\/pages"}],"about":[{"href":"https:\/\/www.taxitam.it\/index.php\/wp-json\/wp\/v2\/types\/page"}],"author":[{"embeddable":true,"href":"https:\/\/www.taxitam.it\/index.php\/wp-json\/wp\/v2\/users\/1"}],"replies":[{"embeddable":true,"href":"https:\/\/www.taxitam.it\/index.php\/wp-json\/wp\/v2\/comments?post=185"}],"version-history":[{"count":53,"href":"https:\/\/www.taxitam.it\/index.php\/wp-json\/wp\/v2\/pages\/185\/revisions"}],"predecessor-version":[{"id":5877,"href":"https:\/\/www.taxitam.it\/index.php\/wp-json\/wp\/v2\/pages\/185\/revisions\/5877"}],"wp:attachment":[{"href":"https:\/\/www.taxitam.it\/index.php\/wp-json\/wp\/v2\/media?parent=185"}],"curies":[{"name":"wp","href":"https:\/\/api.w.org\/{rel}","templated":true}]}}