{"id":174,"date":"2015-05-28T10:22:06","date_gmt":"2015-05-28T08:22:06","guid":{"rendered":"https:\/\/www.taxitam.it\/?page_id=174"},"modified":"2021-02-23T22:50:58","modified_gmt":"2021-02-23T21:50:58","slug":"contabilita","status":"publish","type":"page","link":"https:\/\/www.taxitam.it\/index.php\/contabilita\/","title":{"rendered":"Contabilit\u00e0"},"content":{"rendered":"<p>Il TAM offre ai tassisti Soci il servizio di tenuta della contabilit\u00e0 inerente l&#8217;attivit\u00e0:<\/p>\n<p>-Apertura della posizione all&#8217;inizio dell&#8217;attivit\u00e0.<br \/>\n-Tenuta della contabilit\u00e0 e dichiarazione dei redditi (mod.Unico)<br \/>\n-Consulenza fiscale<br \/>\n-Rimborso carburante<br \/>\n-Consulenza tributaria e gestione contenzioso<br \/>\n-Partecipazione ai bandi regionali, provinciali e comunali<br \/>\n-Apertura, gestione e comunicazione della PEC<br \/>\n-Chiusura posizione al termine dell&#8217;attivit\u00e0.<br \/>\nIl TAM offre inoltre servizi accessori a pagamento ai parenti dei Soci come la compilazione del Mod.730 , conteggio IMU, ecc.<\/p>\n<p>E\u2019 disponibile il servizio di patronato in sede su appuntamento.<\/p>\n","protected":false},"excerpt":{"rendered":"<p>Il TAM offre ai tassisti Soci il servizio di tenuta della contabilit\u00e0 inerente l&#8217;attivit\u00e0: -Apertura della posizione all&#8217;inizio dell&#8217;attivit\u00e0. -Tenuta della contabilit\u00e0 e dichiarazione dei redditi (mod.Unico) -Consulenza fiscale -Rimborso carburante -Consulenza tributaria e gestione contenzioso -Partecipazione ai bandi regionali, provinciali e comunali -Apertura, gestione e comunicazione della PEC -Chiusura posizione al termine dell&#8217;attivit\u00e0. Il [&hellip;]<\/p>\n","protected":false},"author":1,"featured_media":0,"parent":0,"menu_order":0,"comment_status":"closed","ping_status":"closed","template":"","meta":{"_monsterinsights_skip_tracking":false,"_monsterinsights_sitenote_active":false,"_monsterinsights_sitenote_note":"","_monsterinsights_sitenote_category":0,"ngg_post_thumbnail":0},"_links":{"self":[{"href":"https:\/\/www.taxitam.it\/index.php\/wp-json\/wp\/v2\/pages\/174"}],"collection":[{"href":"https:\/\/www.taxitam.it\/index.php\/wp-json\/wp\/v2\/pages"}],"about":[{"href":"https:\/\/www.taxitam.it\/index.php\/wp-json\/wp\/v2\/types\/page"}],"author":[{"embeddable":true,"href":"https:\/\/www.taxitam.it\/index.php\/wp-json\/wp\/v2\/users\/1"}],"replies":[{"embeddable":true,"href":"https:\/\/www.taxitam.it\/index.php\/wp-json\/wp\/v2\/comments?post=174"}],"version-history":[{"count":6,"href":"https:\/\/www.taxitam.it\/index.php\/wp-json\/wp\/v2\/pages\/174\/revisions"}],"predecessor-version":[{"id":5654,"href":"https:\/\/www.taxitam.it\/index.php\/wp-json\/wp\/v2\/pages\/174\/revisions\/5654"}],"wp:attachment":[{"href":"https:\/\/www.taxitam.it\/index.php\/wp-json\/wp\/v2\/media?parent=174"}],"curies":[{"name":"wp","href":"https:\/\/api.w.org\/{rel}","templated":true}]}}