{"id":162,"date":"2015-05-28T08:55:54","date_gmt":"2015-05-28T06:55:54","guid":{"rendered":"https:\/\/www.taxitam.it\/?page_id=162"},"modified":"2026-04-13T09:37:27","modified_gmt":"2026-04-13T07:37:27","slug":"statuto","status":"publish","type":"page","link":"https:\/\/www.taxitam.it\/index.php\/statuto\/","title":{"rendered":"Statuto"},"content":{"rendered":"<p style=\"text-align: justify;\">\u201cTASSISTI ARTIGIANI MILANESI\u201d<\/p>\n<p style=\"text-align: justify;\"><strong>NUOVO STATUTO 17\/03\/2026<\/strong><\/p>\n<p style=\"text-align: justify;\">TITOLO I<\/p>\n<p style=\"text-align: justify;\">DENOMINAZIONE, SEDE E DURATA<\/p>\n<p>Art. 1 \u2013 Costituzione<\/p>\n<p>E\u2019 costituita una Associazione Sindacale fra titolari di licenza di autoservizio pubblico non di linea (taxi), rilasciata dai comuni di tutto il territorio italiano secondo quanto disposto dalla legge 15 gennaio 1992 n. 21 e sue successive modificazioni, denominata \u201cTAM \u2013 TASSISTI ARTIGIANI MILANESI\u201d.<\/p>\n<p>L\u2019Associazione operer\u00e0 negli atti e nei rapporti con i terzi in genere, utilizzando indifferentemente sia la denominazione per esteso \u201dTAM \u2013 TASSISTI ARTIGIANI MILANESI\u201d sia l\u2019acronimo \u201cTAM\u201d.<\/p>\n<p>L\u2019Associazione \u00e8 disciplinata in generale dalle norme previste dagli articoli 36 e seguenti del Codice Civile.<\/p>\n<p>L\u2019Associazione \u00e8 laica, apartitica e indipendente.<\/p>\n<p>Art. 2 \u2013 Sede<\/p>\n<p>L\u2019Associazione ha sede legale in Milano.<\/p>\n<p>Sedi secondarie, uffici, recapiti potranno essere istituiti o soppressi su tutto il territorio nazionale, previa delibera del Consiglio Provinciale.<\/p>\n<p>Il trasferimento della sede legale in luogo o indirizzo diversi dall\u2019attuale nell\u2019ambito dello stesso comune non costituisce modificazione dei patti associativi.<\/p>\n<p>Art. 3 \u2013 Durata<\/p>\n<p>La durata dell\u2019Associazione \u00e8 fissata fino all\u2019anno 2050.<br \/>\nTale termine potr\u00e0 essere prorogato su decisione dell\u2019assemblea straordinaria con le maggioranze previste all\u2019art. 17.<\/p>\n<p>TITOLO II<\/p>\n<p>OGGETTO SOCIALE<\/p>\n<p>Art. 4 \u2013 Scopi dell\u2019associazione<\/p>\n<p>L\u2019Associazione non persegue scopi di lucro e non pu\u00f2 distribuire, n\u00e9 direttamente n\u00e9 indirettamente, utili, avanzi di gestione, fondi, riserve o capitale durante la sua vita.<\/p>\n<p>L\u2019Associazione rappresenta legalmente gli associati, a tutti i livelli, nei rapporti con le istituzioni e la pubblica amministrazione deputate o interessate al servizio di auto pubblica di piazza (taxi), attuando una politica sindacale che dia efficacia e tutela agli interessi della categoria taxi, migliorando le condizioni di lavoro dei tassisti medesimi, favorendo la conoscenza, la collaborazione e la solidariet\u00e0 degli operatori, tra loro e nei confronti dell\u2019Associazione, contribuendo in sede locale e nazionale al miglioramento del servizio, sostenendo anche iniziative che abbiano come scopo la soddisfazione dei titolari di licenza e dei loro utenti.<\/p>\n<p>TAM, attraverso la propria organizzazione, erogher\u00e0 ai soci servizi di consulenza, assistenza e informazione, nei settori sindacale, tributario, amministrativo, legale, previdenziale, assistenziale, ambientale, finanziario, commerciale, assicurativo.<br \/>\nSvilupper\u00e0 inoltre iniziative editoriali, di istruzione e di comunicazione.<\/p>\n<p>TITOLO III<br \/>\nRAPPORTO ASSOCIATIVO<\/p>\n<p>Art. 5 \u2013 Soci: requisiti, ammissione, cariche, incarichi<\/p>\n<p>Possono essere soci tutti i soggetti titolari di licenze comunali per il servizio di auto pubblica di piazza (taxi) che svolgano<br \/>\nregolarmente tale attivit\u00e0 sul territorio nazionale.<br \/>\nSono soci iscritti anche tutti quei soggetti che frequentano il corso preparatorio all\u2019iscrizione al ruolo conducenti.<\/p>\n<p>Per l\u2019ammissione a socio, deve essere presentata apposita domanda con le generalit\u00e0 dell\u2019interessato, completa di indirizzo, mail e numero di telefono. Nel caso l\u2019interessato sia gi\u00e0 in possesso di licenza, dovr\u00e0 allegare:<\/p>\n<p>1.copia fotostatica della licenza comunale;<\/p>\n<p>2.tipo e targa dell\u2019autovettura di propriet\u00e0 o a disposizione per l\u2019esercizio dell\u2019attivit\u00e0 di taxi;<\/p>\n<p>3.dichiarazione di conoscere, accettare ed osservare incondizionatamente tutte le disposizioni del presente statuto, del regolamento interno e delle deliberazioni gi\u00e0 assunte dagli organi dell\u2019Associazione.<\/p>\n<p>La domanda dovr\u00e0 essere accompagnata dal versamento della quota associativa per l\u2019anno in corso.<\/p>\n<p>La tessera \u00e8 valida per l\u2019anno solare (dal 1\/1 al 31\/12).<\/p>\n<p>Possono rivestire cariche elettive o avere incarichi di collaborazione tutti i soci, titolari di licenza taxi, tesserati da almeno due anni consecutivi, salvo specifica deroga della Giunta di Presidenza.<\/p>\n<p>La titolarit\u00e0 della licenza \u00e8 requisito indispensabile per l\u2019elezione o il mantenimento delle cariche e incarichi di cui sopra; la perdita di tale requisito comporta la decadenza automatica entro l\u2019anno solare in corso a cariche e incarichi, salvo specifica deroga da parte della Giunta di Presidenza fino al termine del mandato quadriennale in corso.<\/p>\n<p>Art. 6 \u2013 Obblighi degli associati<\/p>\n<p>Gli associati sono obbligati:<\/p>\n<p>a)a versare la quota associativa annuale all\u2019atto dell\u2019iscrizione oppure, per i soci con gestione contabile, entro il 30 aprile dell\u2019anno in corso;<\/p>\n<p>b)a partecipare attivamente alle riunioni degli organi associativi e a tutte le iniziative che l\u2019Associazione riterr\u00e0 necessario ed opportuno adottare nell\u2019interesse della categoria;<\/p>\n<p>c)a rispettare le norme contemplate dai regolamenti comunali e regionali in materia previsti dall\u2019art. 5 della legge 15 gennaio 1992 n. 21 e successive integrazioni e modificazioni.<\/p>\n<p>Art. 7 \u2013 Fondo comune<\/p>\n<p>Il Fondo comune \u00e8 costituito dalle quote associative annuali, dai contributi, dalle sottoscrizioni o donazioni a qualsiasi titolo effettuate dagli associati, nonch\u00e8 dal complesso di tutti i beni mobili ed immobili acquistati con tali introiti.<\/p>\n<p>L\u2019entit\u00e0 e la modalit\u00e0 di versamento delle quote associative annuali sono approvate dal Consiglio Provinciale; le quote e i contributi associativi non sono restituibili.<\/p>\n<p>Per tutta la durata della vita dell\u2019Associazione, i singoli associati non possono chiedere la divisione del fondo comune, n\u00e9 pretendere la liquidazione della loro quota in caso di recesso o, comunque, di cessazione del rapporto associativo.<\/p>\n<p>L\u2019Associazione, per le obbligazioni assunte nei confronti dei terzi, risponde unicamente con il proprio patrimonio, fermo comunque restando quanto previsto dall\u2019art. 38 del Codice Civile.<\/p>\n<p>Art. 8 \u2013 Scioglimento del rapporto associativo<\/p>\n<p>La cessazione del rapporto associativo si potr\u00e0 avere per decadenza, recesso, esclusione e morte.<\/p>\n<p>Art. 9 \u2013 Decadenza<\/p>\n<p>Il socio che dovesse perdere uno dei requisiti essenziali per l\u2019ammissione, indicati al precedente art. 5, perde anche il diritto di far parte dell\u2019Associazione. La decadenza viene pronunciata dal Presidente sentito il Collegio dei Probiviri.<\/p>\n<p>Art. 10 \u2013 Esclusione<\/p>\n<p>L\u2019esclusione dall\u2019Associazione \u00e8 deliberata dal Consiglio Provinciale, su proposta del Presidente, nei confronti di chi:<\/p>\n<p>\u2013 risulti inadempiente agli obblighi associativi;<\/p>\n<p>\u2013 non abbia provveduto, senza giustificato motivo, a sanare le proprie esposizioni debitorie maturate verso l\u2019Associazione, nonostante atto di diffida e messa in mora;<\/p>\n<p>\u2013 abbia tenuto una condotta e compiuto atti che abbiano provocato gravi danni economici e di immagine all\u2019Associazione o alla categoria.<\/p>\n<p>La delibera di esclusione dovr\u00e0 essere assunta soltanto previa contestazione scritta (mediante lettera raccomandata da inviare all\u2019associato) degli addebiti e valutate le giustificazioni che l\u2019interessato potr\u00e0 far pervenire entro 5 giorni dal ricevimento della comunicazione.<\/p>\n<p>Art. 11 \u2013 Impugnative<\/p>\n<p>Avverso la delibera di esclusione \u00e8 ammesso reclamo al Collegio dei Probiviri con le modalit\u00e0 e i termini previsti dall\u2019art. 25.<\/p>\n<p>TITOLO IV<br \/>\nPATRIMONIO E QUOTE SOCIALI<\/p>\n<p>Art. 12 \u2013 Patrimonio sociale e bilancio<\/p>\n<p>Il patrimonio sociale \u00e8 costituito:<\/p>\n<p>1.dalle somme e dai contributi versati dai soci al Fondo comune;<\/p>\n<p>2.dai beni acquistati con il Fondo comune;<\/p>\n<p>3.dai beni mobili ed immobili di propriet\u00e0 o appartenenti, a qualsiasi legittimo titolo, all\u2019Associazione;<\/p>\n<p>4.dalle riserve ordinarie e straordinarie;<\/p>\n<p>5.dalle somme acquisite a patrimonio dell\u2019Associazione;<\/p>\n<p>6.da lasciti, donazioni, erogazioni, effettuati dai soci e da terzi a favore dell\u2019Associazione;<\/p>\n<p>7.da finanziamenti comunque erogati dallo Stato, da enti pubblici territoriali e da enti pubblici e privati in genere.<\/p>\n<p>L\u2019esercizio finanziario ha inizio il 1\u00b0 gennaio e termina il 31 dicembre di ogni anno.<\/p>\n<p>Gli organi competenti approvano i bilanci consuntivi e preventivi formulati osservando il principio di competenza.<\/p>\n<p>Il bilancio consuntivo deve essere approvato entro il mese di giugno dell\u2019anno successivo alla chiusura dell\u2019esercizio cui si riferisce.<\/p>\n<p>Gli eventuali utili o avanzi di gestione, nonch\u00e9 i fondi, le riserve o il capitale non potranno essere distribuiti durante la vita dell\u2019Associazione, nemmeno in forma indiretta, salvo che la destinazione o la distribuzione non siano imposte dalla legge.<\/p>\n<p>TITOLO V<\/p>\n<p>ORGANI SOCIALI<\/p>\n<p>Art. 13 \u2013 Organi dell\u2019Associazione<\/p>\n<p>Sono organi dell\u2019Associazione:<\/p>\n<p>-l\u2019Assemblea<\/p>\n<p>-il Consiglio Provinciale<\/p>\n<p>-la Giunta di Presidenza<\/p>\n<p>-il Presidente<\/p>\n<p>-il Collegio dei Probiviri<\/p>\n<p>Art. 14 \u2013 L\u2019Assemblea<\/p>\n<p>L\u2019assemblea, sia ordinaria che straordinaria, quando \u00e8 legittimamente costituita, \u00e8 l\u2019organo sovrano di rappresentanza di tutti gli associati.<\/p>\n<p>Essa \u00e8 convocata dal Consiglio Provinciale a cura del Presidente, mediante appositi avvisi affissi nella sede dell\u2019Associazione e negli uffici periferici o a mezzo di messaggio telematico sms, Whatsapp o e-mail che rimandi all\u2019avviso affisso presso la sede contenente l\u2019ordine del giorno.<\/p>\n<p>L\u2019avviso di convocazione, da affiggere e pubblicizzare nei modi sopra descritti, deve contenere l\u2019indicazione del luogo, del giorno e dell\u2019ora della prima e della seconda convocazione, che dovr\u00e0 avvenire in giorno diverso da quello della prima, oltre agli argomenti posti all\u2019ordine del giorno.<\/p>\n<p>Art. 15 \u2013 Assemblea ordinaria<\/p>\n<p>L\u2019assemblea ordinaria \u00e8 convocata almeno una volta ogni quattro anni, o quando lo ritenga necessario od opportuno il Consiglio Provinciale.<\/p>\n<p>L\u2019Assemblea ordinaria \u00e8 validamente e legittimamente costituita in prima convocazione quando siano presenti almeno la met\u00e0 pi\u00f9 uno degli associati, in seconda convocazione qualunque sia il numero dei presenti.<\/p>\n<p>Le deliberazioni sono assunte a maggioranza, espresse mediante alzata di mano, a meno che l\u2019Assemblea non disponga per altro sistema.<\/p>\n<p>Nelle votazioni \u00e8 ammessa una sola delega per socio presente.<\/p>\n<p>Spetta all\u2019Assemblea ordinaria:<\/p>\n<p>a)eleggere il Presidente e stabilire le linee di politica sindacale dell\u2019Associazione;<\/p>\n<p>b)apportare eventuali modifiche allo statuto dell\u2019Associazione e approvarle.<\/p>\n<p>c)eleggere i membri del Consiglio Provinciale;<\/p>\n<p>e) deliberare su ogni altro argomento rimesso all\u2019assemblea dal Consiglio Provinciale;<\/p>\n<p>Art. 16 \u2013 Assemblea straordinaria<\/p>\n<p>L\u2019assemblea straordinaria viene convocata per deliberare:<\/p>\n<p>\u2013 la proroga della durata dell\u2019Associazione;<\/p>\n<p>\u2013 lo scioglimento dell\u2019Associazione, la sua messa in liquidazione, la nomina dei liquidatori, i loro poteri e la remunerazione.<\/p>\n<p>L\u2019assemblea straordinaria \u00e8 valida in prima convocazione quando siano presenti almeno i 4\/5 dei soci, in seconda convocazione almeno 1\/5 degli stessi. Le deliberazioni dovranno essere assunte con il voto favorevole dei 2\/3 dei presenti, espresso per alzata di mano, a meno che l\u2019Assemblea non disponga per altro sistema.<\/p>\n<p>Art. 17 \u2013 Costituzione e votazioni<\/p>\n<p>A presiedere le Assemblee \u00e8 chiamato il Presidente dell\u2019Associazione o, in sua vece, uno dei Vice Presidenti.<\/p>\n<p>Il Presidente nomina il segretario dell\u2019assemblea.<\/p>\n<p>Per l\u2019elezione dei componenti del Consiglio Provinciale, le votazioni verranno effettuate su proposta del Consiglio uscente a scrutinio segreto, se non viene richiesto il voto palese da almeno la met\u00e0 pi\u00f9 uno dei presenti.<\/p>\n<p>In caso di voto segreto la lista dei candidati (se unica) non potr\u00e0 essere a numero chiuso, ma dovr\u00e0 essere composta da un numero maggiore di candidati rispetto al numero degli eletti.<\/p>\n<p>Delle deliberazioni adottate sar\u00e0 redatto apposito verbale, sottoscritto dal Presidente e dal segretario dell\u2019assemblea.<br \/>\nArt. 18 \u2013 Consiglio Provinciale<\/p>\n<p>Il Consiglio \u00e8 costituito da un numero di membri non superiore a quindici.<\/p>\n<p>Tutti i soci in regola con il pagamento della quota associativa dell\u2019anno in corso e titolari di licenza taxi possono essere eletti.<\/p>\n<p>I membri del Consiglio durano in carica quattro anni e sono rieleggibili.<\/p>\n<p>II Consiglio \u00e8 convocato dal Presidente o, in sua assenza, da chi ne fa le veci con avviso anche a mezzo sms o whatsapp.<\/p>\n<p>La convocazione del Consiglio deve essere effettuata quando ne venga fatta richiesta da almeno 1\/5 dei suoi componenti, ovvero dalla Giunta di Presidenza, entro il termine di quindici giorni dal ricevimento della richiesta.<\/p>\n<p>Il Consiglio \u00e8 validamente costituito con la presenza di almeno 1\/3 dei suoi componenti in carica ed \u00e8 presieduto dal Presidente o, in sua assenza, da una dei Vice Presidenti.<\/p>\n<p>Le deliberazioni vengono assunte a maggioranza dei presenti.<\/p>\n<p>Si proceder\u00e0 a votazione segreta ogni qualvolta si dovr\u00e0 deliberare su questioni di natura personale.<\/p>\n<p>Delle riunioni del Consiglio, dovr\u00e0 essere redatto apposito verbale, sottoscritto dal Presidente o da chi ne fa le veci e dal segretario dell\u2019associazione<br \/>\nArt. 19 \u2013 Compiti e poteri del Consiglio Provinciale<\/p>\n<p>Il Consiglio determina le linee di applicazione e di attuazione delle deliberazioni approvate dalla assemblea.<\/p>\n<p>Compete, inoltre, al Consiglio:<\/p>\n<p>1.eleggere nel suo seno i due Vice Presidenti e i componenti della Giunta di Presidenza, su proposta del Presidente;<\/p>\n<p>2.approvare il bilancio consuntivo e preventivo;<\/p>\n<p>3.deliberare sugli atti di acquisto o alienazione di beni mobili ed immobili e per la costituzione ovvero l\u2019acquisizione di quote di societ\u00e0 sia di capitale che in forma cooperativa per il perseguimento di scopi e finalit\u00e0 che interessano la categoria o la partecipazione a strutture analoghe esistenti, nonch\u00e9 su tutti i restanti atti eccedenti l\u2019ordinaria amministrazione;<\/p>\n<p>4.deliberare sulle proposte di esclusione dei soci.<br \/>\nIl Consiglio si riserva la facolt\u00e0 di respingere la richiesta di iscrizione da parte di nuovi soci.<\/p>\n<p>5.eleggere il Consiglio dei Probiviri.<\/p>\n<p>Art. 20 \u2013 La Giunta di Presidenza<\/p>\n<p>La Giunta di Presidenza dura in carica quattro anni ed \u00e8 costituita da un minimo di tre ad un massimo di cinque membri; il Presidente e i due Vice Presidenti ne fanno parte di diritto.<\/p>\n<p>Tutte le cariche dell&#8217;Associazione, ad esclusione di quella del Segretario generale, sono di norma gratuite.<\/p>\n<p>Con delibera del Consiglio Provinciale pu\u00f2 comunque essere stabilito un compenso al Presidente o ai Vice Presidenti<br \/>\ndell&#8217;Associazione, od anche a taluno dei membri del Consiglio, a cui dovessero venire affidati compiti e funzioni che comportino un impegno che grava sulla normale attivit\u00e0 economica dell&#8217;interessato.<\/p>\n<p>Art. 21 \u2013 Compiti e funzioni della Giunta di Presidenza<\/p>\n<p>La Giunta di Presidenza \u00e8 l\u2019organo di gestione dell\u2019Associazione con il compito di provvedere a tutti gli atti di amministrazione ordinaria e straordinaria non espressamente attribuiti al Consiglio.<\/p>\n<p>Compete inoltre alla Giunta:<\/p>\n<p>a)dare attuazione alle delibere del Consiglio;<\/p>\n<p>b)deliberare sull\u2019ammissione, sulla decadenza e sulle proposte di esclusione dei soci;<\/p>\n<p>c)predisporre la stesura dei bilanci preventivo e consuntivo, da presentare in termini utili al Consiglio per la loro approvazione;<\/p>\n<p>d)designare e nominare, su proposta del Presidente, le persone chiamate a far parte di organismi e commissioni stabilendone gli eventuali compensi per ogni ruolo in cui tale rappresentanza sia prevista, richiesta o ammessa;<\/p>\n<p>e)provvedere agli atti di gestione ordinaria dell\u2019 Associazione;<\/p>\n<p>f)assumere il personale, determinandone l\u2019inquadramento e la retribuzione, nonch\u00e9 provvedere all\u2019eventuale licenziamento;<\/p>\n<p>g)assolvere a tutti gli altri compiti e funzioni che venissero attribuiti dal Consiglio.<\/p>\n<p>Art. 22 \u2013 Il Presidente<\/p>\n<p>Il Presidente, che dura in carica quattro anni ed \u00e8 rieleggibile, ha la rappresentanza legale, negoziale e giudiziaria dell\u2019Associazione e ne firma tutti gli atti, premettendo la denominazione.<\/p>\n<p>In caso di assenza, il Presidente \u00e8 sostituito da uno dei Vice Presidenti, la cui firma fa fede nei confronti di chiunque in caso di impedimento del Presidente medesimo.<\/p>\n<p>Il Presidente pu\u00f2 avvalersi di consulenti esterni per finalit\u00e0 inerenti all\u2019attivit\u00e0 propria dell\u2019Associazione.<\/p>\n<p>Il Presidente nomina il Consiglio d\u2019Amministrazione di TAM S.r.l., i cui membri possono anche non essere tassisti e possono essere retribuiti.<\/p>\n<p>Art. 23 \u2013 Il Segretario generale<\/p>\n<p>Il Segretario viene nominato direttamente dal Presidente.<\/p>\n<p>Spetta al Segretario Generale dell\u2019Associazione:<\/p>\n<p>a)compiere gli atti di amministrazione ordinaria;<\/p>\n<p>b)coadiuvare ed assistere gli organi associativi nell\u2019espletamento delle rispettive funzioni;<\/p>\n<p>c)su delega del Presidente, dirigere il personale dell\u2019Associazione e delle societ\u00e0 controllate, organizzando il suo impiego ed il regolare espletamento delle rispettive mansioni;<\/p>\n<p>d)riferire agli organi competenti per l\u2019adozione di eventuali sanzioni disciplinari.<\/p>\n<p>Art. 24 \u2013 Il Collegio dei Probiviri<\/p>\n<p>Il Collegio dei Probiviri dura in carica quattro anni ed \u00e8 composto da tre membri effettivi e due supplenti nominati dall\u2019assemblea ordinaria tra persone iscritte all\u2019Associazione da pi\u00f9 di tre anni.<\/p>\n<p>Il Consiglio Provinciale nomina anche il Presidente dei Probiviri.<\/p>\n<p>Il Collegio dei Probiviri dirime le controversie che possono sorgere tra i soci e tra i soci e gli organi associativi.<\/p>\n<p>Il ricorso al Collegio va depositato presso la Segreteria dell\u2019Associazione.<\/p>\n<p>Il Collegio emette le proprie decisioni entro due mesi dal ricevimento del ricorso e le comunica per iscritto alle parti interessate. Le misure disciplinari sono: il richiamo scritto, la sospensione a tempo determinato, l\u2019espulsione.<\/p>\n<p>TITOLO VI<br \/>\nDISPOSIZIONI GENERALI E FINALI<\/p>\n<p>Art. 25 \u2013 Clausola compromissoria<\/p>\n<p>Qualsiasi controversia relativa alla corretta applicazione ed interpretazione dello statuto e, comunque, riguardante i rapporti fra i soci e gli organi dell\u2019Associazione deve essere preliminarmente ed in via obbligatoria rimessa al Collegio dei Probiviri.<\/p>\n<p>La richiesta di remissione di qualsiasi controversia dovr\u00e0 essere depositata presso la Segreteria dell\u2019Associazione e, in ogni caso, comunicata alle parti interessate.<\/p>\n<p>Le decisioni dei Probiviri, da adottarsi secondo equit\u00e0 e senza obbligo del rispetto di rituali formalit\u00e0, sono definitive.<\/p>\n<p>Art. 26 \u2013 Disposizioni finali<\/p>\n<p>In caso di scioglimento<br \/>\ndell\u2019Associazione, l\u2019assemblea straordinaria dovr\u00e0 deliberare anche la sua messa in liquidazione, nominare due liquidatori, che dovranno essere prescelti all\u2019interno dell\u2019Associazione, determinandone poteri e remunerazione.<\/p>\n<p>In caso di scioglimento per qualunque causa, il Fondo comune e il Patrimonio verranno devoluti integralmente ad associazioni e\/o enti non economici con finalit\u00e0 analoghe ovvero a fini di pubblica utilit\u00e0, sentito l\u2019organismo di controllo di cui all\u2019art. 3, comma 190, della legge 23 dicembre 1996, n. 662, e salvo diversa destinazione imposta dalla legge.<\/p>\n<p>Art. 27 \u2013 Rinvio alle disposizioni di legge<\/p>\n<p>Per tutto quanto non previsto dal presente Statuto, valgono in quanto applicabili le norme del Codice Civile.<\/p>\n","protected":false},"excerpt":{"rendered":"<p>\u201cTASSISTI ARTIGIANI MILANESI\u201d NUOVO STATUTO 17\/03\/2026 TITOLO I DENOMINAZIONE, SEDE E DURATA Art. 1 \u2013 Costituzione E\u2019 costituita una Associazione Sindacale fra titolari di licenza di autoservizio pubblico non di linea (taxi), rilasciata dai comuni di tutto il territorio italiano secondo quanto disposto dalla legge 15 gennaio 1992 n. 21 e sue successive modificazioni, denominata [&hellip;]<\/p>\n","protected":false},"author":1,"featured_media":0,"parent":0,"menu_order":0,"comment_status":"closed","ping_status":"closed","template":"","meta":{"_monsterinsights_skip_tracking":false,"_monsterinsights_sitenote_active":false,"_monsterinsights_sitenote_note":"","_monsterinsights_sitenote_category":0,"ngg_post_thumbnail":0},"_links":{"self":[{"href":"https:\/\/www.taxitam.it\/index.php\/wp-json\/wp\/v2\/pages\/162"}],"collection":[{"href":"https:\/\/www.taxitam.it\/index.php\/wp-json\/wp\/v2\/pages"}],"about":[{"href":"https:\/\/www.taxitam.it\/index.php\/wp-json\/wp\/v2\/types\/page"}],"author":[{"embeddable":true,"href":"https:\/\/www.taxitam.it\/index.php\/wp-json\/wp\/v2\/users\/1"}],"replies":[{"embeddable":true,"href":"https:\/\/www.taxitam.it\/index.php\/wp-json\/wp\/v2\/comments?post=162"}],"version-history":[{"count":22,"href":"https:\/\/www.taxitam.it\/index.php\/wp-json\/wp\/v2\/pages\/162\/revisions"}],"predecessor-version":[{"id":5884,"href":"https:\/\/www.taxitam.it\/index.php\/wp-json\/wp\/v2\/pages\/162\/revisions\/5884"}],"wp:attachment":[{"href":"https:\/\/www.taxitam.it\/index.php\/wp-json\/wp\/v2\/media?parent=162"}],"curies":[{"name":"wp","href":"https:\/\/api.w.org\/{rel}","templated":true}]}}